{"id":337,"date":"2021-04-24T19:45:30","date_gmt":"2021-04-24T16:45:30","guid":{"rendered":"https:\/\/algroup.az\/?page_id=337"},"modified":"2021-04-28T21:16:44","modified_gmt":"2021-04-28T18:16:44","slug":"catdirilma-v%c9%99-qurasdirilma","status":"publish","type":"page","link":"https:\/\/algroup.az\/en\/catdirilma-v%c9%99-qurasdirilma\/","title":{"rendered":"Delivery and Installation"},"content":{"rendered":"<div data-elementor-type=\"wp-page\" data-elementor-id=\"337\" class=\"elementor elementor-337\">\n\t\t\t\t\t\t<section class=\"wd-negative-gap elementor-section elementor-top-section elementor-element elementor-element-18fbc556 elementor-section-boxed elementor-section-height-default elementor-section-height-default\" data-id=\"18fbc556\" data-element_type=\"section\" data-e-type=\"section\">\n\t\t\t\t\t\t<div class=\"elementor-container elementor-column-gap-default\">\n\t\t\t\t\t<div class=\"elementor-column elementor-col-50 elementor-top-column elementor-element elementor-element-6bc2d9f\" data-id=\"6bc2d9f\" data-element_type=\"column\" data-e-type=\"column\">\n\t\t\t<div class=\"elementor-widget-wrap elementor-element-populated\">\n\t\t\t\t\t\t<div class=\"elementor-element elementor-element-b701c86 color-scheme-inherit text-left elementor-widget elementor-widget-text-editor\" data-id=\"b701c86\" data-element_type=\"widget\" data-e-type=\"widget\" data-widget_type=\"text-editor.default\">\n\t\t\t\t<div class=\"elementor-widget-container\">\n\t\t\t\t\t\t\t\t\t<h1 class=\"lead\">Delivery and Installation<\/h1><h2>Payment<\/h2><p>You can make 2 types of purchases in the ALGROUP online store:<\/p><ul><li>Cash<\/li><li>Transfer to our bank account (on a contractual basis)<\/li><\/ul><h2>Delivery<\/h2><p>Delivery in Baku within 24 hours is free of charge. However, the order must be at least 50 m2.<\/p><p>For delivery to the villages and settlements of Baku, an additional payment of 10 AZN is required. When ordering a laminate from 100 m2, delivery is free.<\/p><p>Delivery to regions and cities of the Republic of Azerbaijan is carried out by agreement.<\/p><h2>Installation<\/h2><p>We fully guarantee that our professional repairers will install the floor for you quickly and efficiently.<\/p><p>Installation price list:<\/p><ul><li>Direct laying of laminate in the usual way (with skirting boards) - 2 AZN (50 m2 and more)<\/li><li>Diagonal laying of laminate (with skirting boards) - 3 AZN (50m2 and more)<\/li><li>Parquet board (with skirting boards) - 5 AZN<\/li><\/ul>\t\t\t\t\t\t\t\t<\/div>\n\t\t\t\t<\/div>\n\t\t\t\t\t<\/div>\n\t\t<\/div>\n\t\t\t\t<div class=\"elementor-column elementor-col-50 elementor-top-column elementor-element elementor-element-151f7fc\" data-id=\"151f7fc\" data-element_type=\"column\" data-e-type=\"column\">\n\t\t\t<div class=\"elementor-widget-wrap elementor-element-populated\">\n\t\t\t\t\t\t<div class=\"elementor-element elementor-element-69a0cf9 elementor-widget elementor-widget-image\" data-id=\"69a0cf9\" data-element_type=\"widget\" data-e-type=\"widget\" data-widget_type=\"image.default\">\n\t\t\t\t<div class=\"elementor-widget-container\">\n\t\t\t\t\t\t\t\t\t\t\t\t\t\t\t<img decoding=\"async\" width=\"252\" height=\"113\" src=\"https:\/\/algroup.az\/wp-content\/uploads\/2021\/04\/BQTDSJk.png\" class=\"attachment-full size-full wp-image-339\" alt=\"\" srcset=\"https:\/\/algroup.az\/wp-content\/uploads\/2021\/04\/BQTDSJk.png 252w, https:\/\/algroup.az\/wp-content\/uploads\/2021\/04\/BQTDSJk-150x67.png 150w\" sizes=\"(max-width: 252px) 100vw, 252px\" \/>\t\t\t\t\t\t\t\t\t\t\t\t\t\t\t<\/div>\n\t\t\t\t<\/div>\n\t\t\t\t<div class=\"elementor-element elementor-element-c5082db elementor-widget elementor-widget-image\" data-id=\"c5082db\" data-element_type=\"widget\" data-e-type=\"widget\" data-widget_type=\"image.default\">\n\t\t\t\t<div class=\"elementor-widget-container\">\n\t\t\t\t\t\t\t\t\t\t\t\t\t\t\t<img decoding=\"async\" width=\"160\" height=\"80\" src=\"https:\/\/algroup.az\/wp-content\/uploads\/2021\/04\/iJFrj7N.jpg\" class=\"attachment-large size-large wp-image-340\" alt=\"\" srcset=\"https:\/\/algroup.az\/wp-content\/uploads\/2021\/04\/iJFrj7N.jpg 160w, https:\/\/algroup.az\/wp-content\/uploads\/2021\/04\/iJFrj7N-150x75.jpg 150w\" sizes=\"(max-width: 160px) 100vw, 160px\" \/>\t\t\t\t\t\t\t\t\t\t\t\t\t\t\t<\/div>\n\t\t\t\t<\/div>\n\t\t\t\t\t<\/div>\n\t\t<\/div>\n\t\t\t\t\t<\/div>\n\t\t<\/section>\n\t\t\t\t<\/div>","protected":false},"excerpt":{"rendered":"<p>\u00c7atd\u0131r\u0131lma v\u0259 Qura\u015fd\u0131r\u0131lma \u00d6d\u0259ni\u015f ALGROUP online ma\u011fazas\u0131nda al\u0131\u015f-veri\u015fi 2 c\u00fcr ed\u0259 bil\u0259rsiniz : Na\u011fd Bank hesab\u0131m\u0131za k\u00f6\u00e7\u00fcrm\u0259 yolu il\u0259 (<\/p>","protected":false},"author":1,"featured_media":0,"parent":0,"menu_order":0,"comment_status":"closed","ping_status":"closed","template":"elementor_header_footer","meta":{"footnotes":""},"class_list":["post-337","page","type-page","status-publish","hentry"],"_links":{"self":[{"href":"https:\/\/algroup.az\/en\/wp-json\/wp\/v2\/pages\/337","targetHints":{"allow":["GET"]}}],"collection":[{"href":"https:\/\/algroup.az\/en\/wp-json\/wp\/v2\/pages"}],"about":[{"href":"https:\/\/algroup.az\/en\/wp-json\/wp\/v2\/types\/page"}],"author":[{"embeddable":true,"href":"https:\/\/algroup.az\/en\/wp-json\/wp\/v2\/users\/1"}],"replies":[{"embeddable":true,"href":"https:\/\/algroup.az\/en\/wp-json\/wp\/v2\/comments?post=337"}],"version-history":[{"count":0,"href":"https:\/\/algroup.az\/en\/wp-json\/wp\/v2\/pages\/337\/revisions"}],"wp:attachment":[{"href":"https:\/\/algroup.az\/en\/wp-json\/wp\/v2\/media?parent=337"}],"curies":[{"name":"wp","href":"https:\/\/api.w.org\/{rel}","templated":true}]}}