{"id":377,"date":"2021-04-24T23:27:50","date_gmt":"2021-04-24T20:27:50","guid":{"rendered":"https:\/\/algroup.az\/?page_id=377"},"modified":"2021-05-25T14:46:45","modified_gmt":"2021-05-25T11:46:45","slug":"corporate","status":"publish","type":"page","link":"https:\/\/algroup.az\/en\/corporate\/","title":{"rendered":"Corporate clients"},"content":{"rendered":"<div data-elementor-type=\"wp-page\" data-elementor-id=\"377\" class=\"elementor elementor-377\">\n\t\t\t\t\t\t<section class=\"wd-negative-gap elementor-section elementor-top-section elementor-element elementor-element-c832e35 elementor-section-boxed elementor-section-height-default elementor-section-height-default\" data-id=\"c832e35\" data-element_type=\"section\" data-e-type=\"section\">\n\t\t\t\t\t\t<div class=\"elementor-container elementor-column-gap-default\">\n\t\t\t\t\t<div class=\"elementor-column elementor-col-100 elementor-top-column elementor-element elementor-element-876bd89\" data-id=\"876bd89\" data-element_type=\"column\" data-e-type=\"column\">\n\t\t\t<div class=\"elementor-widget-wrap elementor-element-populated\">\n\t\t\t\t\t\t<div class=\"elementor-element elementor-element-cc76b38 elementor-widget elementor-widget-image\" data-id=\"cc76b38\" data-element_type=\"widget\" data-e-type=\"widget\" data-widget_type=\"image.default\">\n\t\t\t\t<div class=\"elementor-widget-container\">\n\t\t\t\t\t\t\t\t\t\t\t\t\t\t\t<img fetchpriority=\"high\" decoding=\"async\" width=\"1024\" height=\"600\" src=\"https:\/\/algroup.az\/wp-content\/uploads\/2021\/04\/antalya_sahil_ilcesi-09-min-1024x600-1.jpg\" class=\"attachment-large size-large wp-image-380\" alt=\"\" srcset=\"https:\/\/algroup.az\/wp-content\/uploads\/2021\/04\/antalya_sahil_ilcesi-09-min-1024x600-1.jpg 1024w, https:\/\/algroup.az\/wp-content\/uploads\/2021\/04\/antalya_sahil_ilcesi-09-min-1024x600-1-150x88.jpg 150w, https:\/\/algroup.az\/wp-content\/uploads\/2021\/04\/antalya_sahil_ilcesi-09-min-1024x600-1-683x400.jpg 683w, https:\/\/algroup.az\/wp-content\/uploads\/2021\/04\/antalya_sahil_ilcesi-09-min-1024x600-1-768x450.jpg 768w\" sizes=\"(max-width: 1024px) 100vw, 1024px\" \/>\t\t\t\t\t\t\t\t\t\t\t\t\t\t\t<\/div>\n\t\t\t\t<\/div>\n\t\t\t\t<div class=\"elementor-element elementor-element-a54cffd color-scheme-inherit text-left elementor-widget elementor-widget-text-editor\" data-id=\"a54cffd\" data-element_type=\"widget\" data-e-type=\"widget\" data-widget_type=\"text-editor.default\">\n\t\t\t\t<div class=\"elementor-widget-container\">\n\t\t\t\t\t\t\t\t\t<h1 class=\"lead\">Corporate clients<\/h1><h2>Win a trip to Antalya<\/h2><p class=\"translation-block\">Participate in the competition among<b> partner stores <\/b>selling ALGROUP products from 09\/15\/2020 to 06\/15\/2021, win a trip to Antalya for two and other valuable prizes.<\/p>\t\t\t\t\t\t\t\t<\/div>\n\t\t\t\t<\/div>\n\t\t\t\t\t<\/div>\n\t\t<\/div>\n\t\t\t\t\t<\/div>\n\t\t<\/section>\n\t\t\t\t<section class=\"wd-negative-gap elementor-section elementor-top-section elementor-element elementor-element-e3574d0 elementor-section-boxed elementor-section-height-default elementor-section-height-default\" data-id=\"e3574d0\" data-element_type=\"section\" data-e-type=\"section\">\n\t\t\t\t\t\t<div class=\"elementor-container elementor-column-gap-default\">\n\t\t\t\t\t<div class=\"elementor-column elementor-col-100 elementor-top-column elementor-element elementor-element-89658f5\" data-id=\"89658f5\" data-element_type=\"column\" data-e-type=\"column\">\n\t\t\t<div class=\"elementor-widget-wrap\">\n\t\t\t\t\t\t\t<\/div>\n\t\t<\/div>\n\t\t\t\t\t<\/div>\n\t\t<\/section>\n\t\t\t\t<\/div>","protected":false},"excerpt":{"rendered":"<p>Korporativ M\u00fc\u015ft\u0259ril\u0259r Antalyaya s\u0259yah\u0259t qazan 15.09.2020 &#8211; 15.06.2021\u00a0tarixl\u0259ri aras\u0131nda ALGROUP m\u0259hsullar\u0131n\u0131n sat\u0131\u015f\u0131n\u0131 h\u0259yata ke\u00e7ir\u0259n\u00a0partnyor ma\u011fazalar\u00a0aras\u0131nda yar\u0131\u015fmada i\u015ftirak edin, Antalyaya 2<\/p>","protected":false},"author":1,"featured_media":0,"parent":0,"menu_order":0,"comment_status":"closed","ping_status":"closed","template":"elementor_header_footer","meta":{"footnotes":""},"class_list":["post-377","page","type-page","status-publish","hentry"],"_links":{"self":[{"href":"https:\/\/algroup.az\/en\/wp-json\/wp\/v2\/pages\/377","targetHints":{"allow":["GET"]}}],"collection":[{"href":"https:\/\/algroup.az\/en\/wp-json\/wp\/v2\/pages"}],"about":[{"href":"https:\/\/algroup.az\/en\/wp-json\/wp\/v2\/types\/page"}],"author":[{"embeddable":true,"href":"https:\/\/algroup.az\/en\/wp-json\/wp\/v2\/users\/1"}],"replies":[{"embeddable":true,"href":"https:\/\/algroup.az\/en\/wp-json\/wp\/v2\/comments?post=377"}],"version-history":[{"count":0,"href":"https:\/\/algroup.az\/en\/wp-json\/wp\/v2\/pages\/377\/revisions"}],"wp:attachment":[{"href":"https:\/\/algroup.az\/en\/wp-json\/wp\/v2\/media?parent=377"}],"curies":[{"name":"wp","href":"https:\/\/api.w.org\/{rel}","templated":true}]}}