{"id":386,"date":"2021-04-24T23:52:34","date_gmt":"2021-04-24T20:52:34","guid":{"rendered":"https:\/\/algroup.az\/?page_id=386"},"modified":"2025-09-08T12:00:45","modified_gmt":"2025-09-08T09:00:45","slug":"contacts","status":"publish","type":"page","link":"https:\/\/algroup.az\/en\/contacts\/","title":{"rendered":"Contacts"},"content":{"rendered":"<h1>Contacts<\/h1>\n<h2><b>Phone:<\/b><\/h2>\n<p>+994 50 278 00 14<\/p>\n<h2><b>Address:<\/b><\/h2>\n<p>Azadliq 146<\/p>\n<h2><b>Working hours:<\/b><\/h2>\n<p>09:30 \u2013 18:30 ( I-VII days)<\/p>\n<p><iframe style=\"border: 0;\" src=\"https:\/\/www.google.com\/maps\/embed?pb=!1m18!1m12!1m3!1d3038.0900388939517!2d49.836165099999995!3d40.4068561!2m3!1f0!2f0!3f0!3m2!1i1024!2i768!4f13.1!3m3!1m2!1s0x4030878b7eedaeaf%3A0xae4b9381aa0983d0!2s146%20Azadl%C4%B1q%20Prospekti%2C%20Bak%C4%B1!5e0!3m2!1sru!2saz!4v1757322007291!5m2!1sru!2saz\" width=\"600\" height=\"450\" allowfullscreen=\"allowfullscreen\"><\/iframe><\/p>","protected":false},"excerpt":{"rendered":"<p>\u018flaq\u0259 Telefon: +994 50 278 00 14 \u00dcnvan\u0131m\u0131z: Azadliq 146 \u0130\u015f saatlar\u0131: 09:30 &#8211; 18:30 ( I-VII g\u00fcnl\u0259r)<\/p>","protected":false},"author":1,"featured_media":0,"parent":0,"menu_order":0,"comment_status":"closed","ping_status":"closed","template":"elementor_header_footer","meta":{"footnotes":""},"class_list":["post-386","page","type-page","status-publish","hentry"],"_links":{"self":[{"href":"https:\/\/algroup.az\/en\/wp-json\/wp\/v2\/pages\/386","targetHints":{"allow":["GET"]}}],"collection":[{"href":"https:\/\/algroup.az\/en\/wp-json\/wp\/v2\/pages"}],"about":[{"href":"https:\/\/algroup.az\/en\/wp-json\/wp\/v2\/types\/page"}],"author":[{"embeddable":true,"href":"https:\/\/algroup.az\/en\/wp-json\/wp\/v2\/users\/1"}],"replies":[{"embeddable":true,"href":"https:\/\/algroup.az\/en\/wp-json\/wp\/v2\/comments?post=386"}],"version-history":[{"count":1,"href":"https:\/\/algroup.az\/en\/wp-json\/wp\/v2\/pages\/386\/revisions"}],"predecessor-version":[{"id":13395,"href":"https:\/\/algroup.az\/en\/wp-json\/wp\/v2\/pages\/386\/revisions\/13395"}],"wp:attachment":[{"href":"https:\/\/algroup.az\/en\/wp-json\/wp\/v2\/media?parent=386"}],"curies":[{"name":"wp","href":"https:\/\/api.w.org\/{rel}","templated":true}]}}