{"id":12247,"date":"2022-10-20T10:32:12","date_gmt":"2022-10-20T07:32:12","guid":{"rendered":"https:\/\/algroup.az\/?post_type=product&#038;p=12247"},"modified":"2022-10-20T10:48:37","modified_gmt":"2022-10-20T07:48:37","slug":"3mm-laminat-altligi","status":"publish","type":"product","link":"https:\/\/algroup.az\/en\/product\/3mm-laminat-altligi\/","title":{"rendered":"3mm Nar\u0131nc\u0131 laminat altl\u0131\u011f\u0131"},"content":{"rendered":"","protected":false},"excerpt":{"rendered":"","protected":false},"featured_media":12249,"template":"","meta":[],"product_brand":[],"product_cat":[36],"product_tag":[],"class_list":{"0":"post-12247","1":"product","2":"type-product","3":"status-publish","4":"has-post-thumbnail","6":"product_cat-laminat-altliqlari","7":"pa_brend-solid","8":"pa_country-rusiya","9":"pa_en-500-mm","10":"pa_qalinliq-3-mm","11":"pa_qutu-105-m2","12":"pa_uzunluq-1050-mm","14":"first","15":"instock","16":"shipping-taxable","17":"purchasable","18":"product-type-simple"},"_links":{"self":[{"href":"https:\/\/algroup.az\/en\/wp-json\/wp\/v2\/product\/12247","targetHints":{"allow":["GET"]}}],"collection":[{"href":"https:\/\/algroup.az\/en\/wp-json\/wp\/v2\/product"}],"about":[{"href":"https:\/\/algroup.az\/en\/wp-json\/wp\/v2\/types\/product"}],"version-history":[{"count":0,"href":"https:\/\/algroup.az\/en\/wp-json\/wp\/v2\/product\/12247\/revisions"}],"wp:featuredmedia":[{"embeddable":true,"href":"https:\/\/algroup.az\/en\/wp-json\/wp\/v2\/media\/12249"}],"wp:attachment":[{"href":"https:\/\/algroup.az\/en\/wp-json\/wp\/v2\/media?parent=12247"}],"wp:term":[{"taxonomy":"product_brand","embeddable":true,"href":"https:\/\/algroup.az\/en\/wp-json\/wp\/v2\/product_brand?post=12247"},{"taxonomy":"product_cat","embeddable":true,"href":"https:\/\/algroup.az\/en\/wp-json\/wp\/v2\/product_cat?post=12247"},{"taxonomy":"product_tag","embeddable":true,"href":"https:\/\/algroup.az\/en\/wp-json\/wp\/v2\/product_tag?post=12247"}],"curies":[{"name":"wp","href":"https:\/\/api.w.org\/{rel}","templated":true}]}}