{"id":12279,"date":"2022-10-24T11:21:01","date_gmt":"2022-10-24T08:21:01","guid":{"rendered":"https:\/\/algroup.az\/?post_type=product&#038;p=12279"},"modified":"2022-10-24T11:24:23","modified_gmt":"2022-10-24T08:24:23","slug":"5mm-istipol-ucun-yasil-laminat-altligi","status":"publish","type":"product","link":"https:\/\/algroup.az\/en\/product\/5mm-istipol-ucun-yasil-laminat-altligi\/","title":{"rendered":"3mm \u0130stipol \u00fc\u00e7\u00fcn Ya\u015f\u0131l laminat altl\u0131\u011f\u0131"},"content":{"rendered":"","protected":false},"excerpt":{"rendered":"","protected":false},"featured_media":12278,"template":"","meta":[],"product_brand":[],"product_cat":[36],"product_tag":[],"class_list":{"0":"post-12279","1":"product","2":"type-product","3":"status-publish","4":"has-post-thumbnail","6":"product_cat-laminat-altliqlari","7":"pa_brend-solid","8":"pa_country-rusiya","9":"pa_en-500-mm","10":"pa_qalinliq-3-mm","11":"pa_qutu-5-m2","12":"pa_uzunluq-1000-mm","14":"first","15":"instock","16":"shipping-taxable","17":"purchasable","18":"product-type-simple"},"_links":{"self":[{"href":"https:\/\/algroup.az\/en\/wp-json\/wp\/v2\/product\/12279","targetHints":{"allow":["GET"]}}],"collection":[{"href":"https:\/\/algroup.az\/en\/wp-json\/wp\/v2\/product"}],"about":[{"href":"https:\/\/algroup.az\/en\/wp-json\/wp\/v2\/types\/product"}],"version-history":[{"count":0,"href":"https:\/\/algroup.az\/en\/wp-json\/wp\/v2\/product\/12279\/revisions"}],"wp:featuredmedia":[{"embeddable":true,"href":"https:\/\/algroup.az\/en\/wp-json\/wp\/v2\/media\/12278"}],"wp:attachment":[{"href":"https:\/\/algroup.az\/en\/wp-json\/wp\/v2\/media?parent=12279"}],"wp:term":[{"taxonomy":"product_brand","embeddable":true,"href":"https:\/\/algroup.az\/en\/wp-json\/wp\/v2\/product_brand?post=12279"},{"taxonomy":"product_cat","embeddable":true,"href":"https:\/\/algroup.az\/en\/wp-json\/wp\/v2\/product_cat?post=12279"},{"taxonomy":"product_tag","embeddable":true,"href":"https:\/\/algroup.az\/en\/wp-json\/wp\/v2\/product_tag?post=12279"}],"curies":[{"name":"wp","href":"https:\/\/api.w.org\/{rel}","templated":true}]}}