{"id":12608,"date":"2022-12-08T11:49:15","date_gmt":"2022-12-08T08:49:15","guid":{"rendered":"https:\/\/algroup.az\/?post_type=product&#038;p=12608"},"modified":"2022-12-08T12:00:14","modified_gmt":"2022-12-08T09:00:14","slug":"solid-aqua-stop-altliq-ucun-suya-v%c9%99-istiliy%c9%99-davamli-skoc","status":"publish","type":"product","link":"https:\/\/algroup.az\/en\/product\/solid-aqua-stop-altliq-ucun-suya-v%c9%99-istiliy%c9%99-davamli-skoc\/","title":{"rendered":"Solid Aqua Stop (Altl\u0131q \u00fc\u00e7\u00fcn suya v\u0259 istiliy\u0259 davaml\u0131 sko\u00e7)"},"content":{"rendered":"","protected":false},"excerpt":{"rendered":"","protected":false},"featured_media":12609,"template":"","meta":[],"product_brand":[],"product_cat":[36,57],"product_tag":[],"class_list":{"0":"post-12608","1":"product","2":"type-product","3":"status-publish","4":"has-post-thumbnail","6":"product_cat-laminat-altliqlari","7":"product_cat-laminat-kimyasi","8":"pa_brend-solid","9":"pa_country-rusiya","10":"pa_uzunluq-10000-mm","12":"first","13":"instock","14":"shipping-taxable","15":"purchasable","16":"product-type-simple"},"_links":{"self":[{"href":"https:\/\/algroup.az\/en\/wp-json\/wp\/v2\/product\/12608","targetHints":{"allow":["GET"]}}],"collection":[{"href":"https:\/\/algroup.az\/en\/wp-json\/wp\/v2\/product"}],"about":[{"href":"https:\/\/algroup.az\/en\/wp-json\/wp\/v2\/types\/product"}],"version-history":[{"count":0,"href":"https:\/\/algroup.az\/en\/wp-json\/wp\/v2\/product\/12608\/revisions"}],"wp:featuredmedia":[{"embeddable":true,"href":"https:\/\/algroup.az\/en\/wp-json\/wp\/v2\/media\/12609"}],"wp:attachment":[{"href":"https:\/\/algroup.az\/en\/wp-json\/wp\/v2\/media?parent=12608"}],"wp:term":[{"taxonomy":"product_brand","embeddable":true,"href":"https:\/\/algroup.az\/en\/wp-json\/wp\/v2\/product_brand?post=12608"},{"taxonomy":"product_cat","embeddable":true,"href":"https:\/\/algroup.az\/en\/wp-json\/wp\/v2\/product_cat?post=12608"},{"taxonomy":"product_tag","embeddable":true,"href":"https:\/\/algroup.az\/en\/wp-json\/wp\/v2\/product_tag?post=12608"}],"curies":[{"name":"wp","href":"https:\/\/api.w.org\/{rel}","templated":true}]}}