{"id":100,"date":"2013-08-11T19:17:44","date_gmt":"2013-08-11T16:17:44","guid":{"rendered":"http:\/\/localhost:8888\/test\/?page_id=530"},"modified":"2021-07-08T16:59:46","modified_gmt":"2021-07-08T13:59:46","slug":"faydali","status":"publish","type":"page","link":"https:\/\/algroup.az\/ru\/faydali\/","title":{"rendered":"\u041f\u043e\u043b\u0435\u0437\u043d\u043e\u0435"},"content":{"rendered":"<div data-elementor-type=\"wp-page\" data-elementor-id=\"100\" class=\"elementor elementor-100\">\n\t\t\t\t\t\t<section class=\"wd-negative-gap elementor-section elementor-top-section elementor-element elementor-element-d4c557a elementor-section-boxed elementor-section-height-default elementor-section-height-default\" data-id=\"d4c557a\" data-element_type=\"section\" data-e-type=\"section\">\n\t\t\t\t\t\t<div class=\"elementor-container elementor-column-gap-default\">\n\t\t\t\t\t<div class=\"elementor-column elementor-col-100 elementor-top-column elementor-element elementor-element-ca2d8be\" data-id=\"ca2d8be\" data-element_type=\"column\" data-e-type=\"column\">\n\t\t\t<div class=\"elementor-widget-wrap elementor-element-populated\">\n\t\t\t\t\t\t<div class=\"elementor-element elementor-element-9ba51f0 color-scheme-inherit text-left elementor-widget elementor-widget-text-editor\" data-id=\"9ba51f0\" data-element_type=\"widget\" data-e-type=\"widget\" data-widget_type=\"text-editor.default\">\n\t\t\t\t<div class=\"elementor-widget-container\">\n\t\t\t\t\t\t\t\t\t<h1 class=\"lead\">\u0421\u0442\u0430\u0442\u044c\u0438<\/h1>\t\t\t\t\t\t\t\t<\/div>\n\t\t\t\t<\/div>\n\t\t\t\t\t<\/div>\n\t\t<\/div>\n\t\t\t\t\t<\/div>\n\t\t<\/section>\n\t\t\t\t<section class=\"wd-negative-gap elementor-section elementor-top-section elementor-element elementor-element-1383be8 elementor-section-boxed elementor-section-height-default elementor-section-height-default\" data-id=\"1383be8\" data-element_type=\"section\" data-e-type=\"section\">\n\t\t\t\t\t\t<div class=\"elementor-container elementor-column-gap-default\">\n\t\t\t\t\t<div class=\"elementor-column elementor-col-100 elementor-top-column elementor-element elementor-element-c8893a8\" data-id=\"c8893a8\" data-element_type=\"column\" data-e-type=\"column\">\n\t\t\t<div class=\"elementor-widget-wrap elementor-element-populated\">\n\t\t\t\t\t\t<div class=\"elementor-element elementor-element-24f43ff wd-width-100 elementor-widget elementor-widget-wd_blog\" data-id=\"24f43ff\" data-element_type=\"widget\" data-e-type=\"widget\" data-widget_type=\"wd_blog.default\">\n\t\t\t\t<div class=\"elementor-widget-container\">\n\t\t\t\t\t\t\t\t\n\t\t\t<div id=\"carousel-457\" class=\"wd-carousel-container  wd-posts wd-blog-element\">\n\t\t\t\t\n\t\t\t\t\t\t\t\n\t\t\t\t<div class=\"wd-carousel-inner\">\n\t\t\t\t\t<div class=\"wd-carousel wd-grid\" data-speed=\"5000\" data-wrap=\"yes\" data-autoplay=\"yes\" data-scroll_per_page=\"yes\" style=\"--wd-col-lg:3;--wd-col-md:3;--wd-col-sm:1;--wd-gap-lg:20px;--wd-gap-sm:10px;\">\n\t\t\t\t\t\t<div class=\"wd-carousel-wrap\">\n\t\t\t\t\t\t\t\t\t<div class=\"wd-carousel-item\">\n\t\t\t\t\t\t\t\n<article id=\"post-10756\" class=\"wd-post blog-design-masonry blog-post-loop blog-style-bg wd-add-shadow post-10756 post type-post status-publish format-standard has-post-thumbnail hentry category-meqaleler\">\n\t<div class=\"wd-post-inner article-inner\">\n\t\t\t\t\t<div class=\"wd-post-thumb entry-header\">\n\t\t\t\t\t\t\t\t\t<div class=\"wd-post-img post-img-wrapp\">\n\t\t\t\t\t\t<img fetchpriority=\"high\" decoding=\"async\" width=\"280\" height=\"280\" src=\"https:\/\/algroup.az\/wp-content\/uploads\/2021\/05\/15073887920-280x280.jpg\" class=\"attachment-thumbnail size-thumbnail\" alt=\"\" srcset=\"https:\/\/algroup.az\/wp-content\/uploads\/2021\/05\/15073887920-280x280.jpg 280w, https:\/\/algroup.az\/wp-content\/uploads\/2021\/05\/15073887920-600x600.jpg 600w, https:\/\/algroup.az\/wp-content\/uploads\/2021\/05\/15073887920-550x550.jpg 550w\" sizes=\"(max-width: 280px) 100vw, 280px\" \/>\t\t\t\t\t<\/div>\n\t\t\t\t\t<a class=\"wd-fill\" href=\"https:\/\/algroup.az\/ru\/laminat-istehsali\/\"><\/a>\n\t\t\t\t\n\t\t\t\t\t\t\t\t\t\t\t\t<div class=\"wd-post-date wd-style-with-bg\">\n\t\t\t\t<span class=\"post-date-day\">\n\t\t\t\t\t03\t\t\t\t<\/span>\n\t\t\t\t<span class=\"post-date-month\">\n\t\t\t\t\t\u041c\u0430\u0439\t\t\t\t<\/span>\n\t\t\t<\/div>\n\t\t\t\t\t\t\t\t\t<\/div>\n\t\t\n\t\t<div class=\"wd-post-content article-body-container\">\n\t\t\t\n\t\t\t\t\t\t\t<h3 class=\"wd-post-title wd-entities-title title post-title\">\n\t\t\t\t\t<a href=\"https:\/\/algroup.az\/ru\/laminat-istehsali\/\" rel=\"bookmark\">\n\t\t\t\t\t\t\u041f\u0440\u043e\u0438\u0437\u0432\u043e\u0434\u0441\u0442\u0432\u043e \u043b\u0430\u043c\u0438\u043d\u0430\u0442\u0430\t\t\t\t\t<\/a>\n\t\t\t\t<\/h3>\n\t\t\t\n\t\t\t\n\t\t\t\n\t\t\t\t\t<\/div>\n\t<\/div>\n<\/article>\n\n\t\t\t\t\t<\/div>\n\t\t\t\t<div class=\"wd-carousel-item\">\n\t\t\t\t\t\t\t\n<article id=\"post-10752\" class=\"wd-post blog-design-masonry blog-post-loop blog-style-bg wd-add-shadow post-10752 post type-post status-publish format-standard has-post-thumbnail hentry category-meqaleler\">\n\t<div class=\"wd-post-inner article-inner\">\n\t\t\t\t\t<div class=\"wd-post-thumb entry-header\">\n\t\t\t\t\t\t\t\t\t<div class=\"wd-post-img post-img-wrapp\">\n\t\t\t\t\t\t<img decoding=\"async\" width=\"280\" height=\"280\" src=\"https:\/\/algroup.az\/wp-content\/uploads\/2021\/05\/15074084210-280x280.jpg\" class=\"attachment-thumbnail size-thumbnail\" alt=\"\" srcset=\"https:\/\/algroup.az\/wp-content\/uploads\/2021\/05\/15074084210-280x280.jpg 280w, https:\/\/algroup.az\/wp-content\/uploads\/2021\/05\/15074084210-600x600.jpg 600w, https:\/\/algroup.az\/wp-content\/uploads\/2021\/05\/15074084210-550x550.jpg 550w\" sizes=\"(max-width: 280px) 100vw, 280px\" \/>\t\t\t\t\t<\/div>\n\t\t\t\t\t<a class=\"wd-fill\" href=\"https:\/\/algroup.az\/ru\/laminata-qulluq-v%c9%99-t%c9%99mizl%c9%99nm%c9%99si\/\"><\/a>\n\t\t\t\t\n\t\t\t\t\t\t\t\t\t\t\t\t<div class=\"wd-post-date wd-style-with-bg\">\n\t\t\t\t<span class=\"post-date-day\">\n\t\t\t\t\t03\t\t\t\t<\/span>\n\t\t\t\t<span class=\"post-date-month\">\n\t\t\t\t\t\u041c\u0430\u0439\t\t\t\t<\/span>\n\t\t\t<\/div>\n\t\t\t\t\t\t\t\t\t<\/div>\n\t\t\n\t\t<div class=\"wd-post-content article-body-container\">\n\t\t\t\n\t\t\t\t\t\t\t<h3 class=\"wd-post-title wd-entities-title title post-title\">\n\t\t\t\t\t<a href=\"https:\/\/algroup.az\/ru\/laminata-qulluq-v%c9%99-t%c9%99mizl%c9%99nm%c9%99si\/\" rel=\"bookmark\">\n\t\t\t\t\t\t\u0423\u0445\u043e\u0434 \u0438 \u0447\u0438\u0441\u0442\u043a\u0430 \u043b\u0430\u043c\u0438\u043d\u0430\u0442\u0430\t\t\t\t\t<\/a>\n\t\t\t\t<\/h3>\n\t\t\t\n\t\t\t\n\t\t\t\n\t\t\t\t\t<\/div>\n\t<\/div>\n<\/article>\n\n\t\t\t\t\t<\/div>\n\t\t\t\t<div class=\"wd-carousel-item\">\n\t\t\t\t\t\t\t\n<article id=\"post-10745\" class=\"wd-post blog-design-masonry blog-post-loop blog-style-bg wd-add-shadow post-10745 post type-post status-publish format-standard has-post-thumbnail hentry category-meqaleler\">\n\t<div class=\"wd-post-inner article-inner\">\n\t\t\t\t\t<div class=\"wd-post-thumb entry-header\">\n\t\t\t\t\t\t\t\t\t<div class=\"wd-post-img post-img-wrapp\">\n\t\t\t\t\t\t<img decoding=\"async\" width=\"280\" height=\"280\" src=\"https:\/\/algroup.az\/wp-content\/uploads\/2021\/05\/15087788760-280x280.jpg\" class=\"attachment-thumbnail size-thumbnail\" alt=\"\" srcset=\"https:\/\/algroup.az\/wp-content\/uploads\/2021\/05\/15087788760-280x280.jpg 280w, https:\/\/algroup.az\/wp-content\/uploads\/2021\/05\/15087788760-600x600.jpg 600w, https:\/\/algroup.az\/wp-content\/uploads\/2021\/05\/15087788760-550x550.jpg 550w, https:\/\/algroup.az\/wp-content\/uploads\/2021\/05\/15087788760-1200x1200.jpg 1200w\" sizes=\"(max-width: 280px) 100vw, 280px\" \/>\t\t\t\t\t<\/div>\n\t\t\t\t\t<a class=\"wd-fill\" href=\"https:\/\/algroup.az\/ru\/laminatin-dozumlulukyeyilm%c9%99-sinifi-v%c9%99-suya-davamliligi\/\"><\/a>\n\t\t\t\t\n\t\t\t\t\t\t\t\t\t\t\t\t<div class=\"wd-post-date wd-style-with-bg\">\n\t\t\t\t<span class=\"post-date-day\">\n\t\t\t\t\t03\t\t\t\t<\/span>\n\t\t\t\t<span class=\"post-date-month\">\n\t\t\t\t\t\u041c\u0430\u0439\t\t\t\t<\/span>\n\t\t\t<\/div>\n\t\t\t\t\t\t\t\t\t<\/div>\n\t\t\n\t\t<div class=\"wd-post-content article-body-container\">\n\t\t\t\n\t\t\t\t\t\t\t<h3 class=\"wd-post-title wd-entities-title title post-title\">\n\t\t\t\t\t<a href=\"https:\/\/algroup.az\/ru\/laminatin-dozumlulukyeyilm%c9%99-sinifi-v%c9%99-suya-davamliligi\/\" rel=\"bookmark\">\n\t\t\t\t\t\t\u041f\u0440\u043e\u0447\u043d\u043e\u0441\u0442\u044c, \u043a\u043b\u0430\u0441\u0441 \u0438\u0441\u0442\u0438\u0440\u0430\u043d\u0438\u044f \u0438 \u0432\u043e\u0434\u043e\u0441\u0442\u043e\u0439\u043a\u043e\u0441\u0442\u044c \u043b\u0430\u043c\u0438\u043d\u0430\u0442\u0430\t\t\t\t\t<\/a>\n\t\t\t\t<\/h3>\n\t\t\t\n\t\t\t\n\t\t\t\n\t\t\t\t\t<\/div>\n\t<\/div>\n<\/article>\n\n\t\t\t\t\t<\/div>\n\t\t\t\t<div class=\"wd-carousel-item\">\n\t\t\t\t\t\t\t\n<article id=\"post-10741\" class=\"wd-post blog-design-masonry blog-post-loop blog-style-bg wd-add-shadow post-10741 post type-post status-publish format-standard has-post-thumbnail hentry category-meqaleler\">\n\t<div class=\"wd-post-inner article-inner\">\n\t\t\t\t\t<div class=\"wd-post-thumb entry-header\">\n\t\t\t\t\t\t\t\t\t<div class=\"wd-post-img post-img-wrapp\">\n\t\t\t\t\t\t<img loading=\"lazy\" decoding=\"async\" width=\"280\" height=\"280\" src=\"https:\/\/algroup.az\/wp-content\/uploads\/2021\/05\/15089502280-280x280.jpg\" class=\"attachment-thumbnail size-thumbnail\" alt=\"\" \/>\t\t\t\t\t<\/div>\n\t\t\t\t\t<a class=\"wd-fill\" href=\"https:\/\/algroup.az\/ru\/n%c9%99y%c9%99-gor%c9%99-laminat-alark%c9%99n-altligina-diqq%c9%99t-yetirm%c9%99k-lazimdir\/\"><\/a>\n\t\t\t\t\n\t\t\t\t\t\t\t\t\t\t\t\t<div class=\"wd-post-date wd-style-with-bg\">\n\t\t\t\t<span class=\"post-date-day\">\n\t\t\t\t\t03\t\t\t\t<\/span>\n\t\t\t\t<span class=\"post-date-month\">\n\t\t\t\t\t\u041c\u0430\u0439\t\t\t\t<\/span>\n\t\t\t<\/div>\n\t\t\t\t\t\t\t\t\t<\/div>\n\t\t\n\t\t<div class=\"wd-post-content article-body-container\">\n\t\t\t\n\t\t\t\t\t\t\t<h3 class=\"wd-post-title wd-entities-title title post-title\">\n\t\t\t\t\t<a href=\"https:\/\/algroup.az\/ru\/n%c9%99y%c9%99-gor%c9%99-laminat-alark%c9%99n-altligina-diqq%c9%99t-yetirm%c9%99k-lazimdir\/\" rel=\"bookmark\">\n\t\t\t\t\t\t\u041f\u043e\u0447\u0435\u043c\u0443 \u043f\u0440\u0438 \u043f\u043e\u043a\u0443\u043f\u043a\u0435 \u043b\u0430\u043c\u0438\u043d\u0430\u0442\u0430 \u043e\u0431\u0440\u0430\u0449\u0430\u0442\u044c \u0432\u043d\u0438\u043c\u0430\u043d\u0438\u0435 \u043d\u0430 \u043f\u043e\u0434\u043b\u043e\u0436\u043a\u0443?\t\t\t\t\t<\/a>\n\t\t\t\t<\/h3>\n\t\t\t\n\t\t\t\n\t\t\t\n\t\t\t\t\t<\/div>\n\t<\/div>\n<\/article>\n\n\t\t\t\t\t<\/div>\n\t\t\t\t\t\t\t\t<\/div>\n\t\t\t\t\t<\/div>\n\n\t\t\t\t\t\t\t<div class=\"wd-nav-arrows wd-pos-sep wd-hover-1 wd-icon-1\">\n\t\t\t<div class=\"wd-btn-arrow wd-prev wd-disabled\">\n\t\t\t\t<div class=\"wd-arrow-inner\"><\/div>\n\t\t\t<\/div>\n\t\t\t<div class=\"wd-btn-arrow wd-next\">\n\t\t\t\t<div class=\"wd-arrow-inner\"><\/div>\n\t\t\t<\/div>\n\t\t<\/div>\n\t\t\t\t\t\t<\/div>\n\n\t\t\t\t\t\t\t\t\t<div class=\"wd-nav-pagin-wrap text-center wd-style-shape wd-hide-md-sm wd-hide-sm\">\n\t\t\t<ul class=\"wd-nav-pagin\"><\/ul>\n\t\t<\/div>\n\t\t\t\t\t\t\t\t\t<\/div>\n\t\t\t\t\t\t\t\t\t\t<\/div>\n\t\t\t\t<\/div>\n\t\t\t\t\t<\/div>\n\t\t<\/div>\n\t\t\t\t\t<\/div>\n\t\t<\/section>\n\t\t\t\t<\/div>","protected":false},"excerpt":{"rendered":"<p>03 May Laminat istehsal\u0131 03 May Laminata qulluq v\u0259 t\u0259mizl\u0259nm\u0259si 03 May Laminat\u0131n d\u00f6z\u00fcml\u00fcl\u00fck,yeyilm\u0259 sinifi v\u0259 suya davaml\u0131l\u0131\u011f\u0131 03 May<\/p>","protected":false},"author":1,"featured_media":0,"parent":0,"menu_order":0,"comment_status":"closed","ping_status":"closed","template":"elementor_header_footer","meta":{"footnotes":""},"class_list":["post-100","page","type-page","status-publish","hentry"],"_links":{"self":[{"href":"https:\/\/algroup.az\/ru\/wp-json\/wp\/v2\/pages\/100","targetHints":{"allow":["GET"]}}],"collection":[{"href":"https:\/\/algroup.az\/ru\/wp-json\/wp\/v2\/pages"}],"about":[{"href":"https:\/\/algroup.az\/ru\/wp-json\/wp\/v2\/types\/page"}],"author":[{"embeddable":true,"href":"https:\/\/algroup.az\/ru\/wp-json\/wp\/v2\/users\/1"}],"replies":[{"embeddable":true,"href":"https:\/\/algroup.az\/ru\/wp-json\/wp\/v2\/comments?post=100"}],"version-history":[{"count":0,"href":"https:\/\/algroup.az\/ru\/wp-json\/wp\/v2\/pages\/100\/revisions"}],"wp:attachment":[{"href":"https:\/\/algroup.az\/ru\/wp-json\/wp\/v2\/media?parent=100"}],"curies":[{"name":"wp","href":"https:\/\/api.w.org\/{rel}","templated":true}]}}