{"id":337,"date":"2021-04-24T19:45:30","date_gmt":"2021-04-24T16:45:30","guid":{"rendered":"https:\/\/algroup.az\/?page_id=337"},"modified":"2021-04-28T21:16:44","modified_gmt":"2021-04-28T18:16:44","slug":"catdirilma-v%c9%99-qurasdirilma","status":"publish","type":"page","link":"https:\/\/algroup.az\/ru\/catdirilma-v%c9%99-qurasdirilma\/","title":{"rendered":"\u0414\u043e\u0441\u0442\u0430\u0432\u043a\u0430 \u0438 \u0443\u0441\u0442\u0430\u043d\u043e\u0432\u043a\u0430"},"content":{"rendered":"<div data-elementor-type=\"wp-page\" data-elementor-id=\"337\" class=\"elementor elementor-337\">\n\t\t\t\t\t\t<section class=\"wd-negative-gap elementor-section elementor-top-section elementor-element elementor-element-18fbc556 elementor-section-boxed elementor-section-height-default elementor-section-height-default\" data-id=\"18fbc556\" data-element_type=\"section\" data-e-type=\"section\">\n\t\t\t\t\t\t<div class=\"elementor-container elementor-column-gap-default\">\n\t\t\t\t\t<div class=\"elementor-column elementor-col-50 elementor-top-column elementor-element elementor-element-6bc2d9f\" data-id=\"6bc2d9f\" data-element_type=\"column\" data-e-type=\"column\">\n\t\t\t<div class=\"elementor-widget-wrap elementor-element-populated\">\n\t\t\t\t\t\t<div class=\"elementor-element elementor-element-b701c86 color-scheme-inherit text-left elementor-widget elementor-widget-text-editor\" data-id=\"b701c86\" data-element_type=\"widget\" data-e-type=\"widget\" data-widget_type=\"text-editor.default\">\n\t\t\t\t<div class=\"elementor-widget-container\">\n\t\t\t\t\t\t\t\t\t<h1 class=\"lead\">\u0414\u043e\u0441\u0442\u0430\u0432\u043a\u0430 \u0438 \u0443\u0441\u0442\u0430\u043d\u043e\u0432\u043a\u0430<\/h1><h2>\u041e\u043f\u043b\u0430\u0442\u0430<\/h2><p>\u0412 \u0438\u043d\u0442\u0435\u0440\u043d\u0435\u0442-\u043c\u0430\u0433\u0430\u0437\u0438\u043d\u0435 ALGROUP \u0432\u044b \u043c\u043e\u0436\u0435\u0442\u0435 \u0441\u043e\u0432\u0435\u0440\u0448\u0430\u0442\u044c 2 \u0432\u0438\u0434\u0430 \u043f\u043e\u043a\u0443\u043f\u043e\u043a:<\/p><ul><li>\u041d\u0430\u043b\u0438\u0447\u043d\u044b\u043c\u0438<\/li><li>\u041f\u0435\u0440\u0435\u0432\u043e\u0434\u043e\u043c \u043d\u0430 \u043d\u0430\u0448 \u0431\u0430\u043d\u043a\u043e\u0432\u0441\u043a\u0438\u0439 \u0441\u0447\u0451\u0442 (\u043d\u0430 \u0434\u043e\u0433\u043e\u0432\u043e\u0440\u043d\u043e\u0439 \u043e\u0441\u043d\u043e\u0432\u0435)<\/li><\/ul><h2>\u0414\u043e\u0441\u0442\u0430\u0432\u043a\u0430<\/h2><p>\u0414\u043e\u0441\u0442\u0430\u0432\u043a\u0430 \u043f\u043e \u0411\u0430\u043a\u0443 \u0432 \u0442\u0435\u0447\u0435\u043d\u0438\u0435 \u0441\u0443\u0442\u043e\u043a \u043e\u0441\u0443\u0449\u0435\u0441\u0442\u0432\u043b\u044f\u0435\u0442\u0441\u044f \u0431\u0435\u0441\u043f\u043b\u0430\u0442\u043d\u043e. \u041e\u0434\u043d\u0430\u043a\u043e \u0437\u0430\u043a\u0430\u0437 \u0434\u043e\u043b\u0436\u0435\u043d \u0441\u043e\u0441\u0442\u0430\u0432\u043b\u044f\u0442\u044c \u043c\u0438\u043d\u0438\u043c\u0443\u043c 50 \u043c2.<\/p><p>\u0414\u043b\u044f \u0434\u043e\u0441\u0442\u0430\u0432\u043a\u0438 \u0432 \u0441\u0435\u043b\u0430 \u0438 \u043f\u043e\u0441\u0435\u043b\u043a\u0438 \u0411\u0430\u043a\u0443 \u0442\u0440\u0435\u0431\u0443\u0435\u0442\u0441\u044f \u0434\u043e\u043f\u043e\u043b\u043d\u0438\u0442\u0435\u043b\u044c\u043d\u0430\u044f \u043e\u043f\u043b\u0430\u0442\u0430 \u0432 \u0440\u0430\u0437\u043c\u0435\u0440\u0435 10 AZN. \u041f\u0440\u0438 \u0437\u0430\u043a\u0430\u0437\u0435 \u043b\u0430\u043c\u0438\u043d\u0430\u0442\u0430 \u043e\u0442 100 \u043c2 \u0434\u043e\u0441\u0442\u0430\u0432\u043a\u0430 \u043e\u0441\u0443\u0449\u0435\u0441\u0442\u0432\u043b\u044f\u0435\u0442\u0441\u044f \u0431\u0435\u0441\u043f\u043b\u0430\u0442\u043d\u043e.<\/p><p>\u0414\u043e\u0441\u0442\u0430\u0432\u043a\u0430 \u0432 \u0440\u0435\u0433\u0438\u043e\u043d\u044b \u0438 \u0433\u043e\u0440\u043e\u0434\u0430 \u0410\u0437\u0435\u0440\u0431\u0430\u0439\u0434\u0436\u0430\u043d\u0441\u043a\u043e\u0439 \u0420\u0435\u0441\u043f\u0443\u0431\u043b\u0438\u043a\u0438 \u043e\u0441\u0443\u0449\u0435\u0441\u0442\u0432\u043b\u044f\u0435\u0442\u0441\u044f \u043f\u043e \u0434\u043e\u0433\u043e\u0432\u043e\u0440\u0451\u043d\u043d\u043e\u0441\u0442\u0438.<\/p><h2>\u0423\u0441\u0442\u0430\u043d\u043e\u0432\u043a\u0430<\/h2><p>\u041c\u044b \u043f\u043e\u043b\u043d\u043e\u0441\u0442\u044c\u044e \u0433\u0430\u0440\u0430\u043d\u0442\u0438\u0440\u0443\u0435\u043c, \u0447\u0442\u043e \u043d\u0430\u0448\u0438 \u043f\u0440\u043e\u0444\u0435\u0441\u0441\u0438\u043e\u043d\u0430\u043b\u044c\u043d\u044b\u0435 \u043c\u0430\u0441\u0442\u0435\u0440\u0430 \u0443\u0441\u0442\u0430\u043d\u043e\u0432\u044f\u0442 \u0434\u043b\u044f \u0432\u0430\u0441 \u043f\u043e\u043b \u0431\u044b\u0441\u0442\u0440\u043e \u0438 \u043a\u0430\u0447\u0435\u0441\u0442\u0432\u0435\u043d\u043d\u043e.<\/p><p>\u041f\u0440\u0435\u0439\u0441\u043a\u0443\u0440\u0430\u043d\u0442 \u043d\u0430 \u0443\u0441\u0442\u0430\u043d\u043e\u0432\u043a\u0443:<\/p><ul><li>\u041f\u0440\u044f\u043c\u0430\u044f \u0443\u043a\u043b\u0430\u0434\u043a\u0430 \u043b\u0430\u043c\u0438\u043d\u0430\u0442\u0430 \u043e\u0431\u044b\u0447\u043d\u044b\u043c \u0441\u043f\u043e\u0441\u043e\u0431\u043e\u043c (\u0441 \u043f\u043b\u0438\u043d\u0442\u0443\u0441\u043e\u043c) - 2 AZN (50 \u043c2 \u0438 \u0431\u043e\u043b\u0435\u0435)<\/li><li>\u0414\u0438\u0430\u0433\u043e\u043d\u0430\u043b\u044c\u043d\u0430\u044f \u0443\u043a\u043b\u0430\u0434\u043a\u0430 \u043b\u0430\u043c\u0438\u043d\u0430\u0442\u0430 (\u0441 \u043f\u043b\u0438\u043d\u0442\u0443\u0441\u043e\u043c) - 3 AZN (50\u043c2 \u0438 \u0431\u043e\u043b\u0435\u0435)<\/li><li>\u041f\u0430\u0440\u043a\u0435\u0442\u043d\u0430\u044f \u0434\u043e\u0441\u043a\u0430 (\u0441 \u043f\u043b\u0438\u043d\u0442\u0443\u0441\u043e\u043c) - 5 AZN<\/li><\/ul>\t\t\t\t\t\t\t\t<\/div>\n\t\t\t\t<\/div>\n\t\t\t\t\t<\/div>\n\t\t<\/div>\n\t\t\t\t<div class=\"elementor-column elementor-col-50 elementor-top-column elementor-element elementor-element-151f7fc\" data-id=\"151f7fc\" data-element_type=\"column\" data-e-type=\"column\">\n\t\t\t<div class=\"elementor-widget-wrap elementor-element-populated\">\n\t\t\t\t\t\t<div class=\"elementor-element elementor-element-69a0cf9 elementor-widget elementor-widget-image\" data-id=\"69a0cf9\" data-element_type=\"widget\" data-e-type=\"widget\" data-widget_type=\"image.default\">\n\t\t\t\t<div class=\"elementor-widget-container\">\n\t\t\t\t\t\t\t\t\t\t\t\t\t\t\t<img decoding=\"async\" width=\"252\" height=\"113\" src=\"https:\/\/algroup.az\/wp-content\/uploads\/2021\/04\/BQTDSJk.png\" class=\"attachment-full size-full wp-image-339\" alt=\"\" srcset=\"https:\/\/algroup.az\/wp-content\/uploads\/2021\/04\/BQTDSJk.png 252w, https:\/\/algroup.az\/wp-content\/uploads\/2021\/04\/BQTDSJk-150x67.png 150w\" sizes=\"(max-width: 252px) 100vw, 252px\" \/>\t\t\t\t\t\t\t\t\t\t\t\t\t\t\t<\/div>\n\t\t\t\t<\/div>\n\t\t\t\t<div class=\"elementor-element elementor-element-c5082db elementor-widget elementor-widget-image\" data-id=\"c5082db\" data-element_type=\"widget\" data-e-type=\"widget\" data-widget_type=\"image.default\">\n\t\t\t\t<div class=\"elementor-widget-container\">\n\t\t\t\t\t\t\t\t\t\t\t\t\t\t\t<img decoding=\"async\" width=\"160\" height=\"80\" src=\"https:\/\/algroup.az\/wp-content\/uploads\/2021\/04\/iJFrj7N.jpg\" class=\"attachment-large size-large wp-image-340\" alt=\"\" srcset=\"https:\/\/algroup.az\/wp-content\/uploads\/2021\/04\/iJFrj7N.jpg 160w, https:\/\/algroup.az\/wp-content\/uploads\/2021\/04\/iJFrj7N-150x75.jpg 150w\" sizes=\"(max-width: 160px) 100vw, 160px\" \/>\t\t\t\t\t\t\t\t\t\t\t\t\t\t\t<\/div>\n\t\t\t\t<\/div>\n\t\t\t\t\t<\/div>\n\t\t<\/div>\n\t\t\t\t\t<\/div>\n\t\t<\/section>\n\t\t\t\t<\/div>","protected":false},"excerpt":{"rendered":"<p>\u00c7atd\u0131r\u0131lma v\u0259 Qura\u015fd\u0131r\u0131lma \u00d6d\u0259ni\u015f ALGROUP online ma\u011fazas\u0131nda al\u0131\u015f-veri\u015fi 2 c\u00fcr ed\u0259 bil\u0259rsiniz : Na\u011fd Bank hesab\u0131m\u0131za k\u00f6\u00e7\u00fcrm\u0259 yolu il\u0259 (<\/p>","protected":false},"author":1,"featured_media":0,"parent":0,"menu_order":0,"comment_status":"closed","ping_status":"closed","template":"elementor_header_footer","meta":{"footnotes":""},"class_list":["post-337","page","type-page","status-publish","hentry"],"_links":{"self":[{"href":"https:\/\/algroup.az\/ru\/wp-json\/wp\/v2\/pages\/337","targetHints":{"allow":["GET"]}}],"collection":[{"href":"https:\/\/algroup.az\/ru\/wp-json\/wp\/v2\/pages"}],"about":[{"href":"https:\/\/algroup.az\/ru\/wp-json\/wp\/v2\/types\/page"}],"author":[{"embeddable":true,"href":"https:\/\/algroup.az\/ru\/wp-json\/wp\/v2\/users\/1"}],"replies":[{"embeddable":true,"href":"https:\/\/algroup.az\/ru\/wp-json\/wp\/v2\/comments?post=337"}],"version-history":[{"count":0,"href":"https:\/\/algroup.az\/ru\/wp-json\/wp\/v2\/pages\/337\/revisions"}],"wp:attachment":[{"href":"https:\/\/algroup.az\/ru\/wp-json\/wp\/v2\/media?parent=337"}],"curies":[{"name":"wp","href":"https:\/\/api.w.org\/{rel}","templated":true}]}}