{"id":12251,"date":"2022-10-20T10:42:30","date_gmt":"2022-10-20T07:42:30","guid":{"rendered":"https:\/\/algroup.az\/?post_type=product&#038;p=12251"},"modified":"2022-10-20T11:07:20","modified_gmt":"2022-10-20T08:07:20","slug":"5mm-mavi-laminat-altligi","status":"publish","type":"product","link":"https:\/\/algroup.az\/ru\/product\/5mm-mavi-laminat-altligi\/","title":{"rendered":"5mm Mavi laminat altl\u0131\u011f\u0131"},"content":{"rendered":"","protected":false},"excerpt":{"rendered":"","protected":false},"featured_media":12262,"template":"","meta":[],"product_brand":[],"product_cat":[36],"product_tag":[],"class_list":{"0":"post-12251","1":"product","2":"type-product","3":"status-publish","4":"has-post-thumbnail","6":"product_cat-laminat-altliqlari","7":"pa_brend-solid","8":"pa_country-rusiya","9":"pa_en-500-mm","10":"pa_qalinliq-5-mm","11":"pa_qutu-105-m2","12":"pa_uzunluq-1050-mm","14":"first","15":"instock","16":"shipping-taxable","17":"purchasable","18":"product-type-simple"},"_links":{"self":[{"href":"https:\/\/algroup.az\/ru\/wp-json\/wp\/v2\/product\/12251","targetHints":{"allow":["GET"]}}],"collection":[{"href":"https:\/\/algroup.az\/ru\/wp-json\/wp\/v2\/product"}],"about":[{"href":"https:\/\/algroup.az\/ru\/wp-json\/wp\/v2\/types\/product"}],"version-history":[{"count":0,"href":"https:\/\/algroup.az\/ru\/wp-json\/wp\/v2\/product\/12251\/revisions"}],"wp:featuredmedia":[{"embeddable":true,"href":"https:\/\/algroup.az\/ru\/wp-json\/wp\/v2\/media\/12262"}],"wp:attachment":[{"href":"https:\/\/algroup.az\/ru\/wp-json\/wp\/v2\/media?parent=12251"}],"wp:term":[{"taxonomy":"product_brand","embeddable":true,"href":"https:\/\/algroup.az\/ru\/wp-json\/wp\/v2\/product_brand?post=12251"},{"taxonomy":"product_cat","embeddable":true,"href":"https:\/\/algroup.az\/ru\/wp-json\/wp\/v2\/product_cat?post=12251"},{"taxonomy":"product_tag","embeddable":true,"href":"https:\/\/algroup.az\/ru\/wp-json\/wp\/v2\/product_tag?post=12251"}],"curies":[{"name":"wp","href":"https:\/\/api.w.org\/{rel}","templated":true}]}}