{"id":12274,"date":"2022-10-24T11:11:23","date_gmt":"2022-10-24T08:11:23","guid":{"rendered":"https:\/\/algroup.az\/?post_type=product&#038;p=12274"},"modified":"2022-10-24T11:16:14","modified_gmt":"2022-10-24T08:16:14","slug":"1-8-mm-istipol-ucun-c%c9%99hrayi-laminat-altligi","status":"publish","type":"product","link":"https:\/\/algroup.az\/ru\/product\/1-8-mm-istipol-ucun-c%c9%99hrayi-laminat-altligi\/","title":{"rendered":"1.8 mm \u0130stipol \u00fc\u00e7\u00fcn \u00c7\u0259hray\u0131 Laminat altl\u0131\u011f\u0131"},"content":{"rendered":"","protected":false},"excerpt":{"rendered":"","protected":false},"featured_media":12259,"template":"","meta":[],"product_brand":[],"product_cat":[36],"product_tag":[],"class_list":{"0":"post-12274","1":"product","2":"type-product","3":"status-publish","4":"has-post-thumbnail","6":"product_cat-laminat-altliqlari","7":"pa_brend-solid","8":"pa_country-rusiya","9":"pa_en-500-mm","10":"pa_qalinliq-18-mm","11":"pa_qutu-8-4-m2","12":"pa_uzunluq-1050-mm","14":"first","15":"instock","16":"shipping-taxable","17":"purchasable","18":"product-type-simple"},"_links":{"self":[{"href":"https:\/\/algroup.az\/ru\/wp-json\/wp\/v2\/product\/12274","targetHints":{"allow":["GET"]}}],"collection":[{"href":"https:\/\/algroup.az\/ru\/wp-json\/wp\/v2\/product"}],"about":[{"href":"https:\/\/algroup.az\/ru\/wp-json\/wp\/v2\/types\/product"}],"version-history":[{"count":0,"href":"https:\/\/algroup.az\/ru\/wp-json\/wp\/v2\/product\/12274\/revisions"}],"wp:featuredmedia":[{"embeddable":true,"href":"https:\/\/algroup.az\/ru\/wp-json\/wp\/v2\/media\/12259"}],"wp:attachment":[{"href":"https:\/\/algroup.az\/ru\/wp-json\/wp\/v2\/media?parent=12274"}],"wp:term":[{"taxonomy":"product_brand","embeddable":true,"href":"https:\/\/algroup.az\/ru\/wp-json\/wp\/v2\/product_brand?post=12274"},{"taxonomy":"product_cat","embeddable":true,"href":"https:\/\/algroup.az\/ru\/wp-json\/wp\/v2\/product_cat?post=12274"},{"taxonomy":"product_tag","embeddable":true,"href":"https:\/\/algroup.az\/ru\/wp-json\/wp\/v2\/product_tag?post=12274"}],"curies":[{"name":"wp","href":"https:\/\/api.w.org\/{rel}","templated":true}]}}