{"id":12282,"date":"2022-10-24T11:27:48","date_gmt":"2022-10-24T08:27:48","guid":{"rendered":"https:\/\/algroup.az\/?post_type=product&#038;p=12282"},"modified":"2022-10-24T11:30:53","modified_gmt":"2022-10-24T08:30:53","slug":"100-mikron-istipol-ucun-gidroizolyasiya-altligi","status":"publish","type":"product","link":"https:\/\/algroup.az\/ru\/product\/100-mikron-istipol-ucun-gidroizolyasiya-altligi\/","title":{"rendered":"100 mikron \u0130stipol \u00fc\u00e7\u00fcn Gidroizolyasiya altl\u0131\u011f\u0131"},"content":{"rendered":"","protected":false},"excerpt":{"rendered":"","protected":false},"featured_media":12283,"template":"","meta":[],"product_brand":[],"product_cat":[36],"product_tag":[],"class_list":{"0":"post-12282","1":"product","2":"type-product","3":"status-publish","4":"has-post-thumbnail","6":"product_cat-laminat-altliqlari","7":"pa_brend-solid","8":"pa_country-rusiya","9":"pa_en-2200-mm","10":"pa_qalinliq-100-mkrn","11":"pa_qutu-15-m2","12":"pa_uzunluq-6820-mm","14":"first","15":"instock","16":"shipping-taxable","17":"purchasable","18":"product-type-simple"},"_links":{"self":[{"href":"https:\/\/algroup.az\/ru\/wp-json\/wp\/v2\/product\/12282","targetHints":{"allow":["GET"]}}],"collection":[{"href":"https:\/\/algroup.az\/ru\/wp-json\/wp\/v2\/product"}],"about":[{"href":"https:\/\/algroup.az\/ru\/wp-json\/wp\/v2\/types\/product"}],"version-history":[{"count":0,"href":"https:\/\/algroup.az\/ru\/wp-json\/wp\/v2\/product\/12282\/revisions"}],"wp:featuredmedia":[{"embeddable":true,"href":"https:\/\/algroup.az\/ru\/wp-json\/wp\/v2\/media\/12283"}],"wp:attachment":[{"href":"https:\/\/algroup.az\/ru\/wp-json\/wp\/v2\/media?parent=12282"}],"wp:term":[{"taxonomy":"product_brand","embeddable":true,"href":"https:\/\/algroup.az\/ru\/wp-json\/wp\/v2\/product_brand?post=12282"},{"taxonomy":"product_cat","embeddable":true,"href":"https:\/\/algroup.az\/ru\/wp-json\/wp\/v2\/product_cat?post=12282"},{"taxonomy":"product_tag","embeddable":true,"href":"https:\/\/algroup.az\/ru\/wp-json\/wp\/v2\/product_tag?post=12282"}],"curies":[{"name":"wp","href":"https:\/\/api.w.org\/{rel}","templated":true}]}}